{"id":38,"date":"2019-06-15T23:50:32","date_gmt":"2019-06-15T23:50:32","guid":{"rendered":"https:\/\/parapente.com.pe\/?page_id=38"},"modified":"2019-06-25T04:17:09","modified_gmt":"2019-06-25T04:17:09","slug":"pilotos-de-parapente","status":"publish","type":"page","link":"https:\/\/parapente.com.pe\/index.php\/pilotos-de-parapente\/","title":{"rendered":"Pilotos de parapente"},"content":{"rendered":"\n<p>Contamos con los pilotos de parapente m\u00e1s experimentados del Per\u00fa. Tenemos todas las certificaciones y licencias de vuelos necesarias para realizar vuelos con pasajeros. Adem\u00e1s nuestro staff siempre se capacita en maniobras de vuelo, t\u00e9cnicas de rescate y primeros auxilios. <\/p>\n\n\n\n<h2 class=\"wp-block-heading\">Piloto de parapente: <strong>Roberto Robl<\/strong>es<\/h2>\n\n\n\n<figure class=\"wp-block-image\"><img data-recalc-dims=\"1\" loading=\"lazy\" decoding=\"async\" width=\"300\" height=\"225\" src=\"https:\/\/i0.wp.com\/parapente.com.pe\/wp-content\/uploads\/2019\/06\/roberto.jpg?resize=300%2C225&#038;ssl=1\" alt=\"Pilotos de parapente Roberto Robles \" class=\"wp-image-39\" srcset=\"https:\/\/i0.wp.com\/parapente.com.pe\/wp-content\/uploads\/2019\/06\/roberto.jpg?resize=300%2C225&amp;ssl=1 300w, https:\/\/i0.wp.com\/parapente.com.pe\/wp-content\/uploads\/2019\/06\/roberto.jpg?resize=768%2C576&amp;ssl=1 768w, https:\/\/i0.wp.com\/parapente.com.pe\/wp-content\/uploads\/2019\/06\/roberto.jpg?w=960&amp;ssl=1 960w\" sizes=\"auto, (max-width: 300px) 85vw, 300px\" \/><figcaption>Roberto Robles<\/figcaption><\/figure>\n\n\n\n<ul class=\"wp-block-list\"><li>Piloto Biplaza Avanzado APVL<\/li><li>Monitor de parapente APVL<\/li><li>Cheff egresado del Instituto Columbia<\/li><\/ul>\n\n\n\n<h3 class=\"wp-block-heading\">Certificaciones y licencias para pilotos de parapente <\/h3>\n\n\n\n<p>Ser un piloto de parapente que este certificado para llevar pasajeros no es f\u00e1cil, ya que es necesario muchos a\u00f1os de experiencia y las licencias requeridas. La <a rel=\"noreferrer noopener\" aria-label=\" (opens in a new tab)\" href=\"http:\/\/www.apvl.org.pe\" target=\"_blank\">APVL, Asociaci\u00f3n Peruana de Vuelo Libre<\/a> emite las licencias de parapente en el Per\u00fa. Obligatoriamente para volar con pasajeros, el piloto debe contar con la licencias &#8220;Piloto Biplaza Avanzado&#8221;. Para obtener esta licencias es necesario contar con todas las licencias deportivas previas, como la licencias de Piloto, Piloto Avanzado, Monitor, Biplaza B\u00e1sico. Para ello, un piloto tiene que realizar cientos de horas de vuelo en distintas condiciones de vuelo. Adem\u00e1s debe haber practicado el deporte durante 3 a\u00f1os, como m\u00ednimo. <\/p>\n\n\n\n<h3 class=\"wp-block-heading\">Ser instructor de parapente para llevar pasajeros<\/h3>\n\n\n\n<p>Si bien, no es es requisito que un piloto de parapente sea tambi\u00e9n instructor para llevar pasajeros, esto es sumamente importante para darle mayor seguridad al vuelo. Debido a que un instructor de parapente es el profesional del deporte con la m\u00e1s basta experiencia, es quien puede garantizar a su pasajeros el mejor servicio y la mayor seguridad en vuelo. Ya hemos mencionado que obtener la licencias de &#8220;Piloto Biplaza Avanzado&#8221; no es f\u00e1cil, pero la obtenci\u00f3n de la licencia de &#8220;instructor&#8221; es mucho m\u00e1s dif\u00edcil. Para poder ser instructor de parapente, es necesario obtener todas las licencias deportivas y profesionales existentes. Adem\u00e1s el instructor debe realizar much\u00edsimas horas de vuelo y tener 500 horas de practicas en las ense\u00f1anza de alumnos.<\/p>\n\n\n\n<p><a href=\"https:\/\/parapente.com.pe\/index.php\/parapente-precio\/\">Leer m\u00e1s informaci\u00f3n sobre nuestras tarifas y ofertas de parapente en Lur\u00edn<\/a><\/p>\n","protected":false},"excerpt":{"rendered":"<p>Contamos con los pilotos de parapente m\u00e1s experimentados del Per\u00fa. Tenemos todas las certificaciones y licencias de vuelos necesarias para realizar vuelos con pasajeros. Adem\u00e1s nuestro staff siempre se capacita en maniobras de vuelo, t\u00e9cnicas de rescate y primeros auxilios. Piloto de parapente: Roberto Robles Piloto Biplaza Avanzado APVL Monitor de parapente APVL Cheff egresado &hellip; <a href=\"https:\/\/parapente.com.pe\/index.php\/pilotos-de-parapente\/\" class=\"more-link\">Continuar leyendo<span class=\"screen-reader-text\"> &#8220;Pilotos de parapente&#8221;<\/span><\/a><\/p>\n","protected":false},"author":1,"featured_media":0,"parent":0,"menu_order":0,"comment_status":"closed","ping_status":"closed","template":"","meta":{"nf_dc_page":"","om_disable_all_campaigns":false,"_monsterinsights_skip_tracking":false,"_monsterinsights_sitenote_active":false,"_monsterinsights_sitenote_note":"","_monsterinsights_sitenote_category":0,"footnotes":""},"class_list":["post-38","page","type-page","status-publish","hentry"],"yoast_head":"<!-- This site is optimized with the Yoast SEO plugin v27.4 - https:\/\/yoast.com\/product\/yoast-seo-wordpress\/ -->\n<title>Pilotos de parapente biplaza de Parapente Lur\u00edn certificados<\/title>\n<meta name=\"description\" content=\"Nuestros pilotos de parapente y personas esta altamente calificado para el volar parapente con pasajeros. Contamos con las licencias y certificaciones\" \/>\n<meta name=\"robots\" content=\"index, follow, max-snippet:-1, max-image-preview:large, max-video-preview:-1\" \/>\n<link rel=\"canonical\" href=\"https:\/\/parapente.com.pe\/index.php\/pilotos-de-parapente\/\" \/>\n<meta property=\"og:locale\" content=\"es_ES\" \/>\n<meta property=\"og:type\" content=\"article\" \/>\n<meta property=\"og:title\" content=\"Pilotos de parapente biplaza de Parapente Lur\u00edn certificados\" \/>\n<meta property=\"og:description\" content=\"Nuestros pilotos de parapente y personas esta altamente calificado para el volar parapente con pasajeros. Contamos con las licencias y certificaciones\" \/>\n<meta property=\"og:url\" content=\"https:\/\/parapente.com.pe\/index.php\/pilotos-de-parapente\/\" \/>\n<meta property=\"og:site_name\" content=\"AeroPacha\" \/>\n<meta property=\"article:modified_time\" content=\"2019-06-25T04:17:09+00:00\" \/>\n<meta property=\"og:image\" content=\"https:\/\/parapente.com.pe\/wp-content\/uploads\/2019\/06\/roberto-300x225.jpg\" \/>\n<meta name=\"twitter:card\" content=\"summary_large_image\" \/>\n<meta name=\"twitter:label1\" content=\"Est. reading time\" \/>\n\t<meta name=\"twitter:data1\" content=\"2 minutos\" \/>\n<script type=\"application\/ld+json\" class=\"yoast-schema-graph\">{\"@context\":\"https:\\\/\\\/schema.org\",\"@graph\":[{\"@type\":\"WebPage\",\"@id\":\"https:\\\/\\\/parapente.com.pe\\\/index.php\\\/pilotos-de-parapente\\\/\",\"url\":\"https:\\\/\\\/parapente.com.pe\\\/index.php\\\/pilotos-de-parapente\\\/\",\"name\":\"Pilotos de parapente biplaza de Parapente Lur\u00edn certificados\",\"isPartOf\":{\"@id\":\"https:\\\/\\\/parapente.com.pe\\\/#website\"},\"primaryImageOfPage\":{\"@id\":\"https:\\\/\\\/parapente.com.pe\\\/index.php\\\/pilotos-de-parapente\\\/#primaryimage\"},\"image\":{\"@id\":\"https:\\\/\\\/parapente.com.pe\\\/index.php\\\/pilotos-de-parapente\\\/#primaryimage\"},\"thumbnailUrl\":\"https:\\\/\\\/parapente.com.pe\\\/wp-content\\\/uploads\\\/2019\\\/06\\\/roberto-300x225.jpg\",\"datePublished\":\"2019-06-15T23:50:32+00:00\",\"dateModified\":\"2019-06-25T04:17:09+00:00\",\"description\":\"Nuestros pilotos de parapente y personas esta altamente calificado para el volar parapente con pasajeros. Contamos con las licencias y certificaciones\",\"breadcrumb\":{\"@id\":\"https:\\\/\\\/parapente.com.pe\\\/index.php\\\/pilotos-de-parapente\\\/#breadcrumb\"},\"inLanguage\":\"es-PE\",\"potentialAction\":[{\"@type\":\"ReadAction\",\"target\":[\"https:\\\/\\\/parapente.com.pe\\\/index.php\\\/pilotos-de-parapente\\\/\"]}]},{\"@type\":\"ImageObject\",\"inLanguage\":\"es-PE\",\"@id\":\"https:\\\/\\\/parapente.com.pe\\\/index.php\\\/pilotos-de-parapente\\\/#primaryimage\",\"url\":\"https:\\\/\\\/i0.wp.com\\\/parapente.com.pe\\\/wp-content\\\/uploads\\\/2019\\\/06\\\/roberto.jpg?fit=960%2C720&ssl=1\",\"contentUrl\":\"https:\\\/\\\/i0.wp.com\\\/parapente.com.pe\\\/wp-content\\\/uploads\\\/2019\\\/06\\\/roberto.jpg?fit=960%2C720&ssl=1\",\"width\":960,\"height\":720},{\"@type\":\"BreadcrumbList\",\"@id\":\"https:\\\/\\\/parapente.com.pe\\\/index.php\\\/pilotos-de-parapente\\\/#breadcrumb\",\"itemListElement\":[{\"@type\":\"ListItem\",\"position\":1,\"name\":\"Home\",\"item\":\"https:\\\/\\\/parapente.com.pe\\\/\"},{\"@type\":\"ListItem\",\"position\":2,\"name\":\"Pilotos de parapente\"}]},{\"@type\":\"WebSite\",\"@id\":\"https:\\\/\\\/parapente.com.pe\\\/#website\",\"url\":\"https:\\\/\\\/parapente.com.pe\\\/\",\"name\":\"AeroPacha\",\"description\":\"AeroPacha es una empresa que brinda paseos de parapente en Pachacmac\",\"publisher\":{\"@id\":\"https:\\\/\\\/parapente.com.pe\\\/#organization\"},\"potentialAction\":[{\"@type\":\"SearchAction\",\"target\":{\"@type\":\"EntryPoint\",\"urlTemplate\":\"https:\\\/\\\/parapente.com.pe\\\/?s={search_term_string}\"},\"query-input\":{\"@type\":\"PropertyValueSpecification\",\"valueRequired\":true,\"valueName\":\"search_term_string\"}}],\"inLanguage\":\"es-PE\"},{\"@type\":\"Organization\",\"@id\":\"https:\\\/\\\/parapente.com.pe\\\/#organization\",\"name\":\"AeroPacha\",\"url\":\"https:\\\/\\\/parapente.com.pe\\\/\",\"logo\":{\"@type\":\"ImageObject\",\"inLanguage\":\"es-PE\",\"@id\":\"https:\\\/\\\/parapente.com.pe\\\/#\\\/schema\\\/logo\\\/image\\\/\",\"url\":\"https:\\\/\\\/i0.wp.com\\\/parapente.com.pe\\\/wp-content\\\/uploads\\\/2020\\\/09\\\/cropped-logo-aeropacha.gif?fit=240%2C216&ssl=1\",\"contentUrl\":\"https:\\\/\\\/i0.wp.com\\\/parapente.com.pe\\\/wp-content\\\/uploads\\\/2020\\\/09\\\/cropped-logo-aeropacha.gif?fit=240%2C216&ssl=1\",\"width\":240,\"height\":216,\"caption\":\"AeroPacha\"},\"image\":{\"@id\":\"https:\\\/\\\/parapente.com.pe\\\/#\\\/schema\\\/logo\\\/image\\\/\"}}]}<\/script>\n<!-- \/ Yoast SEO plugin. -->","yoast_head_json":{"title":"Pilotos de parapente biplaza de Parapente Lur\u00edn certificados","description":"Nuestros pilotos de parapente y personas esta altamente calificado para el volar parapente con pasajeros. Contamos con las licencias y certificaciones","robots":{"index":"index","follow":"follow","max-snippet":"max-snippet:-1","max-image-preview":"max-image-preview:large","max-video-preview":"max-video-preview:-1"},"canonical":"https:\/\/parapente.com.pe\/index.php\/pilotos-de-parapente\/","og_locale":"es_ES","og_type":"article","og_title":"Pilotos de parapente biplaza de Parapente Lur\u00edn certificados","og_description":"Nuestros pilotos de parapente y personas esta altamente calificado para el volar parapente con pasajeros. Contamos con las licencias y certificaciones","og_url":"https:\/\/parapente.com.pe\/index.php\/pilotos-de-parapente\/","og_site_name":"AeroPacha","article_modified_time":"2019-06-25T04:17:09+00:00","og_image":[{"url":"https:\/\/parapente.com.pe\/wp-content\/uploads\/2019\/06\/roberto-300x225.jpg","type":"","width":"","height":""}],"twitter_card":"summary_large_image","twitter_misc":{"Est. reading time":"2 minutos"},"schema":{"@context":"https:\/\/schema.org","@graph":[{"@type":"WebPage","@id":"https:\/\/parapente.com.pe\/index.php\/pilotos-de-parapente\/","url":"https:\/\/parapente.com.pe\/index.php\/pilotos-de-parapente\/","name":"Pilotos de parapente biplaza de Parapente Lur\u00edn certificados","isPartOf":{"@id":"https:\/\/parapente.com.pe\/#website"},"primaryImageOfPage":{"@id":"https:\/\/parapente.com.pe\/index.php\/pilotos-de-parapente\/#primaryimage"},"image":{"@id":"https:\/\/parapente.com.pe\/index.php\/pilotos-de-parapente\/#primaryimage"},"thumbnailUrl":"https:\/\/parapente.com.pe\/wp-content\/uploads\/2019\/06\/roberto-300x225.jpg","datePublished":"2019-06-15T23:50:32+00:00","dateModified":"2019-06-25T04:17:09+00:00","description":"Nuestros pilotos de parapente y personas esta altamente calificado para el volar parapente con pasajeros. Contamos con las licencias y certificaciones","breadcrumb":{"@id":"https:\/\/parapente.com.pe\/index.php\/pilotos-de-parapente\/#breadcrumb"},"inLanguage":"es-PE","potentialAction":[{"@type":"ReadAction","target":["https:\/\/parapente.com.pe\/index.php\/pilotos-de-parapente\/"]}]},{"@type":"ImageObject","inLanguage":"es-PE","@id":"https:\/\/parapente.com.pe\/index.php\/pilotos-de-parapente\/#primaryimage","url":"https:\/\/i0.wp.com\/parapente.com.pe\/wp-content\/uploads\/2019\/06\/roberto.jpg?fit=960%2C720&ssl=1","contentUrl":"https:\/\/i0.wp.com\/parapente.com.pe\/wp-content\/uploads\/2019\/06\/roberto.jpg?fit=960%2C720&ssl=1","width":960,"height":720},{"@type":"BreadcrumbList","@id":"https:\/\/parapente.com.pe\/index.php\/pilotos-de-parapente\/#breadcrumb","itemListElement":[{"@type":"ListItem","position":1,"name":"Home","item":"https:\/\/parapente.com.pe\/"},{"@type":"ListItem","position":2,"name":"Pilotos de parapente"}]},{"@type":"WebSite","@id":"https:\/\/parapente.com.pe\/#website","url":"https:\/\/parapente.com.pe\/","name":"AeroPacha","description":"AeroPacha es una empresa que brinda paseos de parapente en Pachacmac","publisher":{"@id":"https:\/\/parapente.com.pe\/#organization"},"potentialAction":[{"@type":"SearchAction","target":{"@type":"EntryPoint","urlTemplate":"https:\/\/parapente.com.pe\/?s={search_term_string}"},"query-input":{"@type":"PropertyValueSpecification","valueRequired":true,"valueName":"search_term_string"}}],"inLanguage":"es-PE"},{"@type":"Organization","@id":"https:\/\/parapente.com.pe\/#organization","name":"AeroPacha","url":"https:\/\/parapente.com.pe\/","logo":{"@type":"ImageObject","inLanguage":"es-PE","@id":"https:\/\/parapente.com.pe\/#\/schema\/logo\/image\/","url":"https:\/\/i0.wp.com\/parapente.com.pe\/wp-content\/uploads\/2020\/09\/cropped-logo-aeropacha.gif?fit=240%2C216&ssl=1","contentUrl":"https:\/\/i0.wp.com\/parapente.com.pe\/wp-content\/uploads\/2020\/09\/cropped-logo-aeropacha.gif?fit=240%2C216&ssl=1","width":240,"height":216,"caption":"AeroPacha"},"image":{"@id":"https:\/\/parapente.com.pe\/#\/schema\/logo\/image\/"}}]}},"jetpack_sharing_enabled":true,"_links":{"self":[{"href":"https:\/\/parapente.com.pe\/index.php\/wp-json\/wp\/v2\/pages\/38","targetHints":{"allow":["GET"]}}],"collection":[{"href":"https:\/\/parapente.com.pe\/index.php\/wp-json\/wp\/v2\/pages"}],"about":[{"href":"https:\/\/parapente.com.pe\/index.php\/wp-json\/wp\/v2\/types\/page"}],"author":[{"embeddable":true,"href":"https:\/\/parapente.com.pe\/index.php\/wp-json\/wp\/v2\/users\/1"}],"replies":[{"embeddable":true,"href":"https:\/\/parapente.com.pe\/index.php\/wp-json\/wp\/v2\/comments?post=38"}],"version-history":[{"count":6,"href":"https:\/\/parapente.com.pe\/index.php\/wp-json\/wp\/v2\/pages\/38\/revisions"}],"predecessor-version":[{"id":128,"href":"https:\/\/parapente.com.pe\/index.php\/wp-json\/wp\/v2\/pages\/38\/revisions\/128"}],"wp:attachment":[{"href":"https:\/\/parapente.com.pe\/index.php\/wp-json\/wp\/v2\/media?parent=38"}],"curies":[{"name":"wp","href":"https:\/\/api.w.org\/{rel}","templated":true}]}}