{"id":46,"date":"2019-06-16T16:44:39","date_gmt":"2019-06-16T16:44:39","guid":{"rendered":"https:\/\/parapente.com.pe\/?page_id=46"},"modified":"2025-02-07T11:53:56","modified_gmt":"2025-02-07T16:53:56","slug":"parapente-en-lima","status":"publish","type":"page","link":"https:\/\/parapente.com.pe\/index.php\/parapente-en-lima\/","title":{"rendered":"Parapente en Lima &#8211; Reservar"},"content":{"rendered":"\n<p class=\"\">Parapente en Lima. Haz tu reserva para volar en paratrike. Es muy sencillo. Sigue estos simples pasos:<\/p>\n\n\n\n<p class=\"\">\ud83d\udcc5 Escoje el d\u00eda y la hora en la que quieras hacer tu vuelo<\/p>\n\n\n\n<p class=\"\">\ud83d\udcf2 Reserva el d\u00eda que quieres volar al whatsapp +51 951 711 186<\/p>\n\n\n\n<p class=\"\"><a href=\"https:\/\/parapente.com.pe\/index.php\/parapente-en-pachacamac\/\">Leer m\u00e1s informaci\u00f3n sobre el paseo de parapente en Pachacamac<\/a><\/p>\n","protected":false},"excerpt":{"rendered":"<p>Parapente en Lima. Haz tu reserva para volar en paratrike. Es muy sencillo. Sigue estos simples pasos: \ud83d\udcc5 Escoje el d\u00eda y la hora en la que quieras hacer tu vuelo \ud83d\udcf2 Reserva el d\u00eda que quieres volar al whatsapp +51 951 711 186 Leer m\u00e1s informaci\u00f3n sobre el paseo de parapente en Pachacamac<\/p>\n","protected":false},"author":1,"featured_media":0,"parent":0,"menu_order":0,"comment_status":"closed","ping_status":"closed","template":"","meta":{"nf_dc_page":"","om_disable_all_campaigns":false,"_monsterinsights_skip_tracking":false,"_monsterinsights_sitenote_active":false,"_monsterinsights_sitenote_note":"","_monsterinsights_sitenote_category":0,"footnotes":""},"class_list":["post-46","page","type-page","status-publish","hentry"],"yoast_head":"<!-- This site is optimized with the Yoast SEO plugin v27.4 - https:\/\/yoast.com\/product\/yoast-seo-wordpress\/ -->\n<title>Parapente en Lima. Oferta 180 soles: 15 minutos + video<\/title>\n<meta name=\"description\" content=\"Parapente en Lima | Paratrike promoci\u00f3n de parapente precio: 180 soles. Incluye video en HD + vuelo de 15 minutos\" \/>\n<meta name=\"robots\" content=\"index, follow, max-snippet:-1, max-image-preview:large, max-video-preview:-1\" \/>\n<link rel=\"canonical\" href=\"https:\/\/parapente.com.pe\/index.php\/parapente-en-lima\/\" \/>\n<meta property=\"og:locale\" content=\"es_ES\" \/>\n<meta property=\"og:type\" content=\"article\" \/>\n<meta property=\"og:title\" content=\"Parapente en Lima. Oferta 180 soles: 15 minutos + video\" \/>\n<meta property=\"og:description\" content=\"Parapente en Lima | Paratrike promoci\u00f3n de parapente precio: 180 soles. Incluye video en HD + vuelo de 15 minutos\" \/>\n<meta property=\"og:url\" content=\"https:\/\/parapente.com.pe\/index.php\/parapente-en-lima\/\" \/>\n<meta property=\"og:site_name\" content=\"AeroPacha\" \/>\n<meta property=\"article:modified_time\" content=\"2025-02-07T16:53:56+00:00\" \/>\n<meta name=\"twitter:card\" content=\"summary_large_image\" \/>\n<meta name=\"twitter:label1\" content=\"Est. reading time\" \/>\n\t<meta name=\"twitter:data1\" content=\"1 minuto\" \/>\n<script type=\"application\/ld+json\" class=\"yoast-schema-graph\">{\"@context\":\"https:\\\/\\\/schema.org\",\"@graph\":[{\"@type\":\"WebPage\",\"@id\":\"https:\\\/\\\/parapente.com.pe\\\/index.php\\\/parapente-en-lima\\\/\",\"url\":\"https:\\\/\\\/parapente.com.pe\\\/index.php\\\/parapente-en-lima\\\/\",\"name\":\"Parapente en Lima. Oferta 180 soles: 15 minutos + video\",\"isPartOf\":{\"@id\":\"https:\\\/\\\/parapente.com.pe\\\/#website\"},\"datePublished\":\"2019-06-16T16:44:39+00:00\",\"dateModified\":\"2025-02-07T16:53:56+00:00\",\"description\":\"Parapente en Lima | Paratrike promoci\u00f3n de parapente precio: 180 soles. Incluye video en HD + vuelo de 15 minutos\",\"breadcrumb\":{\"@id\":\"https:\\\/\\\/parapente.com.pe\\\/index.php\\\/parapente-en-lima\\\/#breadcrumb\"},\"inLanguage\":\"es-PE\",\"potentialAction\":[{\"@type\":\"ReadAction\",\"target\":[\"https:\\\/\\\/parapente.com.pe\\\/index.php\\\/parapente-en-lima\\\/\"]}]},{\"@type\":\"BreadcrumbList\",\"@id\":\"https:\\\/\\\/parapente.com.pe\\\/index.php\\\/parapente-en-lima\\\/#breadcrumb\",\"itemListElement\":[{\"@type\":\"ListItem\",\"position\":1,\"name\":\"Home\",\"item\":\"https:\\\/\\\/parapente.com.pe\\\/\"},{\"@type\":\"ListItem\",\"position\":2,\"name\":\"Parapente en Lima &#8211; Reservar\"}]},{\"@type\":\"WebSite\",\"@id\":\"https:\\\/\\\/parapente.com.pe\\\/#website\",\"url\":\"https:\\\/\\\/parapente.com.pe\\\/\",\"name\":\"AeroPacha\",\"description\":\"AeroPacha es una empresa que brinda paseos de parapente en Pachacmac\",\"publisher\":{\"@id\":\"https:\\\/\\\/parapente.com.pe\\\/#organization\"},\"potentialAction\":[{\"@type\":\"SearchAction\",\"target\":{\"@type\":\"EntryPoint\",\"urlTemplate\":\"https:\\\/\\\/parapente.com.pe\\\/?s={search_term_string}\"},\"query-input\":{\"@type\":\"PropertyValueSpecification\",\"valueRequired\":true,\"valueName\":\"search_term_string\"}}],\"inLanguage\":\"es-PE\"},{\"@type\":\"Organization\",\"@id\":\"https:\\\/\\\/parapente.com.pe\\\/#organization\",\"name\":\"AeroPacha\",\"url\":\"https:\\\/\\\/parapente.com.pe\\\/\",\"logo\":{\"@type\":\"ImageObject\",\"inLanguage\":\"es-PE\",\"@id\":\"https:\\\/\\\/parapente.com.pe\\\/#\\\/schema\\\/logo\\\/image\\\/\",\"url\":\"https:\\\/\\\/i0.wp.com\\\/parapente.com.pe\\\/wp-content\\\/uploads\\\/2020\\\/09\\\/cropped-logo-aeropacha.gif?fit=240%2C216&ssl=1\",\"contentUrl\":\"https:\\\/\\\/i0.wp.com\\\/parapente.com.pe\\\/wp-content\\\/uploads\\\/2020\\\/09\\\/cropped-logo-aeropacha.gif?fit=240%2C216&ssl=1\",\"width\":240,\"height\":216,\"caption\":\"AeroPacha\"},\"image\":{\"@id\":\"https:\\\/\\\/parapente.com.pe\\\/#\\\/schema\\\/logo\\\/image\\\/\"}}]}<\/script>\n<!-- \/ Yoast SEO plugin. -->","yoast_head_json":{"title":"Parapente en Lima. Oferta 180 soles: 15 minutos + video","description":"Parapente en Lima | Paratrike promoci\u00f3n de parapente precio: 180 soles. Incluye video en HD + vuelo de 15 minutos","robots":{"index":"index","follow":"follow","max-snippet":"max-snippet:-1","max-image-preview":"max-image-preview:large","max-video-preview":"max-video-preview:-1"},"canonical":"https:\/\/parapente.com.pe\/index.php\/parapente-en-lima\/","og_locale":"es_ES","og_type":"article","og_title":"Parapente en Lima. Oferta 180 soles: 15 minutos + video","og_description":"Parapente en Lima | Paratrike promoci\u00f3n de parapente precio: 180 soles. Incluye video en HD + vuelo de 15 minutos","og_url":"https:\/\/parapente.com.pe\/index.php\/parapente-en-lima\/","og_site_name":"AeroPacha","article_modified_time":"2025-02-07T16:53:56+00:00","twitter_card":"summary_large_image","twitter_misc":{"Est. reading time":"1 minuto"},"schema":{"@context":"https:\/\/schema.org","@graph":[{"@type":"WebPage","@id":"https:\/\/parapente.com.pe\/index.php\/parapente-en-lima\/","url":"https:\/\/parapente.com.pe\/index.php\/parapente-en-lima\/","name":"Parapente en Lima. Oferta 180 soles: 15 minutos + video","isPartOf":{"@id":"https:\/\/parapente.com.pe\/#website"},"datePublished":"2019-06-16T16:44:39+00:00","dateModified":"2025-02-07T16:53:56+00:00","description":"Parapente en Lima | Paratrike promoci\u00f3n de parapente precio: 180 soles. Incluye video en HD + vuelo de 15 minutos","breadcrumb":{"@id":"https:\/\/parapente.com.pe\/index.php\/parapente-en-lima\/#breadcrumb"},"inLanguage":"es-PE","potentialAction":[{"@type":"ReadAction","target":["https:\/\/parapente.com.pe\/index.php\/parapente-en-lima\/"]}]},{"@type":"BreadcrumbList","@id":"https:\/\/parapente.com.pe\/index.php\/parapente-en-lima\/#breadcrumb","itemListElement":[{"@type":"ListItem","position":1,"name":"Home","item":"https:\/\/parapente.com.pe\/"},{"@type":"ListItem","position":2,"name":"Parapente en Lima &#8211; Reservar"}]},{"@type":"WebSite","@id":"https:\/\/parapente.com.pe\/#website","url":"https:\/\/parapente.com.pe\/","name":"AeroPacha","description":"AeroPacha es una empresa que brinda paseos de parapente en Pachacmac","publisher":{"@id":"https:\/\/parapente.com.pe\/#organization"},"potentialAction":[{"@type":"SearchAction","target":{"@type":"EntryPoint","urlTemplate":"https:\/\/parapente.com.pe\/?s={search_term_string}"},"query-input":{"@type":"PropertyValueSpecification","valueRequired":true,"valueName":"search_term_string"}}],"inLanguage":"es-PE"},{"@type":"Organization","@id":"https:\/\/parapente.com.pe\/#organization","name":"AeroPacha","url":"https:\/\/parapente.com.pe\/","logo":{"@type":"ImageObject","inLanguage":"es-PE","@id":"https:\/\/parapente.com.pe\/#\/schema\/logo\/image\/","url":"https:\/\/i0.wp.com\/parapente.com.pe\/wp-content\/uploads\/2020\/09\/cropped-logo-aeropacha.gif?fit=240%2C216&ssl=1","contentUrl":"https:\/\/i0.wp.com\/parapente.com.pe\/wp-content\/uploads\/2020\/09\/cropped-logo-aeropacha.gif?fit=240%2C216&ssl=1","width":240,"height":216,"caption":"AeroPacha"},"image":{"@id":"https:\/\/parapente.com.pe\/#\/schema\/logo\/image\/"}}]}},"jetpack_sharing_enabled":true,"_links":{"self":[{"href":"https:\/\/parapente.com.pe\/index.php\/wp-json\/wp\/v2\/pages\/46","targetHints":{"allow":["GET"]}}],"collection":[{"href":"https:\/\/parapente.com.pe\/index.php\/wp-json\/wp\/v2\/pages"}],"about":[{"href":"https:\/\/parapente.com.pe\/index.php\/wp-json\/wp\/v2\/types\/page"}],"author":[{"embeddable":true,"href":"https:\/\/parapente.com.pe\/index.php\/wp-json\/wp\/v2\/users\/1"}],"replies":[{"embeddable":true,"href":"https:\/\/parapente.com.pe\/index.php\/wp-json\/wp\/v2\/comments?post=46"}],"version-history":[{"count":5,"href":"https:\/\/parapente.com.pe\/index.php\/wp-json\/wp\/v2\/pages\/46\/revisions"}],"predecessor-version":[{"id":233,"href":"https:\/\/parapente.com.pe\/index.php\/wp-json\/wp\/v2\/pages\/46\/revisions\/233"}],"wp:attachment":[{"href":"https:\/\/parapente.com.pe\/index.php\/wp-json\/wp\/v2\/media?parent=46"}],"curies":[{"name":"wp","href":"https:\/\/api.w.org\/{rel}","templated":true}]}}