{"id":48,"date":"2019-06-16T16:45:01","date_gmt":"2019-06-16T16:45:01","guid":{"rendered":"https:\/\/parapente.com.pe\/?page_id=48"},"modified":"2025-02-07T11:54:42","modified_gmt":"2025-02-07T16:54:42","slug":"parapente-precio","status":"publish","type":"page","link":"https:\/\/parapente.com.pe\/index.php\/parapente-precio\/","title":{"rendered":"Parapente precio 2025"},"content":{"rendered":"\n<h2 class=\"wp-block-heading\"><strong>Promociones Especiales<\/strong><\/h2>\n\n\n\n<p class=\"\">\ud83c\udf9f\ufe0f <strong>Vuelo para un pasajero:<\/strong> <strong>S\/. 180<\/strong> por un vuelo de aproximadamente <strong>15 minutos<\/strong> + <strong>V\u00eddeo Full HD Gratis<\/strong>.<br>\ud83d\udc6b <strong>Promo para dos personas:<\/strong> <strong>S\/. 340<\/strong> (\u00a1Ideal para compartir la experiencia con alguien especial!).<\/p>\n\n\n\n<p class=\"\"><a href=\"https:\/\/parapente.com.pe\/index.php\/parapente-en-lima\">Leer m\u00e1s informaci\u00f3n sobre la formas de pago y reservaci\u00f3n<\/a><\/p>\n\n\n\n<p class=\"\"><\/p>\n","protected":false},"excerpt":{"rendered":"<p>Promociones Especiales \ud83c\udf9f\ufe0f Vuelo para un pasajero: S\/. 180 por un vuelo de aproximadamente 15 minutos + V\u00eddeo Full HD Gratis.\ud83d\udc6b Promo para dos personas: S\/. 340 (\u00a1Ideal para compartir la experiencia con alguien especial!). Leer m\u00e1s informaci\u00f3n sobre la formas de pago y reservaci\u00f3n<\/p>\n","protected":false},"author":1,"featured_media":0,"parent":0,"menu_order":0,"comment_status":"closed","ping_status":"closed","template":"","meta":{"nf_dc_page":"","om_disable_all_campaigns":false,"_monsterinsights_skip_tracking":false,"_monsterinsights_sitenote_active":false,"_monsterinsights_sitenote_note":"","_monsterinsights_sitenote_category":0,"footnotes":""},"class_list":["post-48","page","type-page","status-publish","hentry"],"yoast_head":"<!-- This site is optimized with the Yoast SEO plugin v27.4 - https:\/\/yoast.com\/product\/yoast-seo-wordpress\/ -->\n<title>Parapente precio 2025 | Oferta 180 soles = 15 minutos +video<\/title>\n<meta name=\"description\" content=\"Parapente Paratrike Lima te da el mejor vuelo en parapente al menor precio\" \/>\n<meta name=\"robots\" content=\"index, follow, max-snippet:-1, max-image-preview:large, max-video-preview:-1\" \/>\n<link rel=\"canonical\" href=\"https:\/\/parapente.com.pe\/index.php\/parapente-precio\/\" \/>\n<meta property=\"og:locale\" content=\"es_ES\" \/>\n<meta property=\"og:type\" content=\"article\" \/>\n<meta property=\"og:title\" content=\"Parapente precio 2025 | Oferta 180 soles = 15 minutos +video\" \/>\n<meta property=\"og:description\" content=\"Parapente Paratrike Lima te da el mejor vuelo en parapente al menor precio\" \/>\n<meta property=\"og:url\" content=\"https:\/\/parapente.com.pe\/index.php\/parapente-precio\/\" \/>\n<meta property=\"og:site_name\" content=\"AeroPacha\" \/>\n<meta property=\"article:modified_time\" content=\"2025-02-07T16:54:42+00:00\" \/>\n<meta name=\"twitter:card\" content=\"summary_large_image\" \/>\n<meta name=\"twitter:label1\" content=\"Est. reading time\" \/>\n\t<meta name=\"twitter:data1\" content=\"1 minuto\" \/>\n<script type=\"application\/ld+json\" class=\"yoast-schema-graph\">{\"@context\":\"https:\\\/\\\/schema.org\",\"@graph\":[{\"@type\":\"WebPage\",\"@id\":\"https:\\\/\\\/parapente.com.pe\\\/index.php\\\/parapente-precio\\\/\",\"url\":\"https:\\\/\\\/parapente.com.pe\\\/index.php\\\/parapente-precio\\\/\",\"name\":\"Parapente precio 2025 | Oferta 180 soles = 15 minutos +video\",\"isPartOf\":{\"@id\":\"https:\\\/\\\/parapente.com.pe\\\/#website\"},\"datePublished\":\"2019-06-16T16:45:01+00:00\",\"dateModified\":\"2025-02-07T16:54:42+00:00\",\"description\":\"Parapente Paratrike Lima te da el mejor vuelo en parapente al menor precio\",\"breadcrumb\":{\"@id\":\"https:\\\/\\\/parapente.com.pe\\\/index.php\\\/parapente-precio\\\/#breadcrumb\"},\"inLanguage\":\"es-PE\",\"potentialAction\":[{\"@type\":\"ReadAction\",\"target\":[\"https:\\\/\\\/parapente.com.pe\\\/index.php\\\/parapente-precio\\\/\"]}]},{\"@type\":\"BreadcrumbList\",\"@id\":\"https:\\\/\\\/parapente.com.pe\\\/index.php\\\/parapente-precio\\\/#breadcrumb\",\"itemListElement\":[{\"@type\":\"ListItem\",\"position\":1,\"name\":\"Home\",\"item\":\"https:\\\/\\\/parapente.com.pe\\\/\"},{\"@type\":\"ListItem\",\"position\":2,\"name\":\"Parapente precio 2025\"}]},{\"@type\":\"WebSite\",\"@id\":\"https:\\\/\\\/parapente.com.pe\\\/#website\",\"url\":\"https:\\\/\\\/parapente.com.pe\\\/\",\"name\":\"AeroPacha\",\"description\":\"AeroPacha es una empresa que brinda paseos de parapente en Pachacmac\",\"publisher\":{\"@id\":\"https:\\\/\\\/parapente.com.pe\\\/#organization\"},\"potentialAction\":[{\"@type\":\"SearchAction\",\"target\":{\"@type\":\"EntryPoint\",\"urlTemplate\":\"https:\\\/\\\/parapente.com.pe\\\/?s={search_term_string}\"},\"query-input\":{\"@type\":\"PropertyValueSpecification\",\"valueRequired\":true,\"valueName\":\"search_term_string\"}}],\"inLanguage\":\"es-PE\"},{\"@type\":\"Organization\",\"@id\":\"https:\\\/\\\/parapente.com.pe\\\/#organization\",\"name\":\"AeroPacha\",\"url\":\"https:\\\/\\\/parapente.com.pe\\\/\",\"logo\":{\"@type\":\"ImageObject\",\"inLanguage\":\"es-PE\",\"@id\":\"https:\\\/\\\/parapente.com.pe\\\/#\\\/schema\\\/logo\\\/image\\\/\",\"url\":\"https:\\\/\\\/i0.wp.com\\\/parapente.com.pe\\\/wp-content\\\/uploads\\\/2020\\\/09\\\/cropped-logo-aeropacha.gif?fit=240%2C216&ssl=1\",\"contentUrl\":\"https:\\\/\\\/i0.wp.com\\\/parapente.com.pe\\\/wp-content\\\/uploads\\\/2020\\\/09\\\/cropped-logo-aeropacha.gif?fit=240%2C216&ssl=1\",\"width\":240,\"height\":216,\"caption\":\"AeroPacha\"},\"image\":{\"@id\":\"https:\\\/\\\/parapente.com.pe\\\/#\\\/schema\\\/logo\\\/image\\\/\"}}]}<\/script>\n<!-- \/ Yoast SEO plugin. -->","yoast_head_json":{"title":"Parapente precio 2025 | Oferta 180 soles = 15 minutos +video","description":"Parapente Paratrike Lima te da el mejor vuelo en parapente al menor precio","robots":{"index":"index","follow":"follow","max-snippet":"max-snippet:-1","max-image-preview":"max-image-preview:large","max-video-preview":"max-video-preview:-1"},"canonical":"https:\/\/parapente.com.pe\/index.php\/parapente-precio\/","og_locale":"es_ES","og_type":"article","og_title":"Parapente precio 2025 | Oferta 180 soles = 15 minutos +video","og_description":"Parapente Paratrike Lima te da el mejor vuelo en parapente al menor precio","og_url":"https:\/\/parapente.com.pe\/index.php\/parapente-precio\/","og_site_name":"AeroPacha","article_modified_time":"2025-02-07T16:54:42+00:00","twitter_card":"summary_large_image","twitter_misc":{"Est. reading time":"1 minuto"},"schema":{"@context":"https:\/\/schema.org","@graph":[{"@type":"WebPage","@id":"https:\/\/parapente.com.pe\/index.php\/parapente-precio\/","url":"https:\/\/parapente.com.pe\/index.php\/parapente-precio\/","name":"Parapente precio 2025 | Oferta 180 soles = 15 minutos +video","isPartOf":{"@id":"https:\/\/parapente.com.pe\/#website"},"datePublished":"2019-06-16T16:45:01+00:00","dateModified":"2025-02-07T16:54:42+00:00","description":"Parapente Paratrike Lima te da el mejor vuelo en parapente al menor precio","breadcrumb":{"@id":"https:\/\/parapente.com.pe\/index.php\/parapente-precio\/#breadcrumb"},"inLanguage":"es-PE","potentialAction":[{"@type":"ReadAction","target":["https:\/\/parapente.com.pe\/index.php\/parapente-precio\/"]}]},{"@type":"BreadcrumbList","@id":"https:\/\/parapente.com.pe\/index.php\/parapente-precio\/#breadcrumb","itemListElement":[{"@type":"ListItem","position":1,"name":"Home","item":"https:\/\/parapente.com.pe\/"},{"@type":"ListItem","position":2,"name":"Parapente precio 2025"}]},{"@type":"WebSite","@id":"https:\/\/parapente.com.pe\/#website","url":"https:\/\/parapente.com.pe\/","name":"AeroPacha","description":"AeroPacha es una empresa que brinda paseos de parapente en Pachacmac","publisher":{"@id":"https:\/\/parapente.com.pe\/#organization"},"potentialAction":[{"@type":"SearchAction","target":{"@type":"EntryPoint","urlTemplate":"https:\/\/parapente.com.pe\/?s={search_term_string}"},"query-input":{"@type":"PropertyValueSpecification","valueRequired":true,"valueName":"search_term_string"}}],"inLanguage":"es-PE"},{"@type":"Organization","@id":"https:\/\/parapente.com.pe\/#organization","name":"AeroPacha","url":"https:\/\/parapente.com.pe\/","logo":{"@type":"ImageObject","inLanguage":"es-PE","@id":"https:\/\/parapente.com.pe\/#\/schema\/logo\/image\/","url":"https:\/\/i0.wp.com\/parapente.com.pe\/wp-content\/uploads\/2020\/09\/cropped-logo-aeropacha.gif?fit=240%2C216&ssl=1","contentUrl":"https:\/\/i0.wp.com\/parapente.com.pe\/wp-content\/uploads\/2020\/09\/cropped-logo-aeropacha.gif?fit=240%2C216&ssl=1","width":240,"height":216,"caption":"AeroPacha"},"image":{"@id":"https:\/\/parapente.com.pe\/#\/schema\/logo\/image\/"}}]}},"jetpack_sharing_enabled":true,"_links":{"self":[{"href":"https:\/\/parapente.com.pe\/index.php\/wp-json\/wp\/v2\/pages\/48","targetHints":{"allow":["GET"]}}],"collection":[{"href":"https:\/\/parapente.com.pe\/index.php\/wp-json\/wp\/v2\/pages"}],"about":[{"href":"https:\/\/parapente.com.pe\/index.php\/wp-json\/wp\/v2\/types\/page"}],"author":[{"embeddable":true,"href":"https:\/\/parapente.com.pe\/index.php\/wp-json\/wp\/v2\/users\/1"}],"replies":[{"embeddable":true,"href":"https:\/\/parapente.com.pe\/index.php\/wp-json\/wp\/v2\/comments?post=48"}],"version-history":[{"count":5,"href":"https:\/\/parapente.com.pe\/index.php\/wp-json\/wp\/v2\/pages\/48\/revisions"}],"predecessor-version":[{"id":236,"href":"https:\/\/parapente.com.pe\/index.php\/wp-json\/wp\/v2\/pages\/48\/revisions\/236"}],"wp:attachment":[{"href":"https:\/\/parapente.com.pe\/index.php\/wp-json\/wp\/v2\/media?parent=48"}],"curies":[{"name":"wp","href":"https:\/\/api.w.org\/{rel}","templated":true}]}}