{"id":51,"date":"2019-06-16T16:41:57","date_gmt":"2019-06-16T16:41:57","guid":{"rendered":"https:\/\/parapente.com.pe\/?page_id=51"},"modified":"2025-02-07T11:49:56","modified_gmt":"2025-02-07T16:49:56","slug":"contacto-parapente","status":"publish","type":"page","link":"https:\/\/parapente.com.pe\/index.php\/contacto-parapente\/","title":{"rendered":"Contacto parapente"},"content":{"rendered":"\n<p class=\"\">No dudes en ponerte en contacto con nosotros para cualquier consulta que tengas sobre nuestros paseos de parapente<\/p>\n\n\n\n<p class=\"\">mail: martinluis341@hotmail.com<\/p>\n\n\n\n<p class=\"\">Tel\u00e9fono \/ whatsapp: +51 951 711 186<\/p>\n\n\n\n<p class=\"\">Gerente: Martin Suzuki<\/p>\n\n\n\n<h3 class=\"wp-block-heading\">Recomendaciones y condiciones<\/h3>\n\n\n<ul>\n<li><strong>Usa ropa adecuada:<\/strong> La ropa deportiva, c\u00f3moda, fresca, pero que te ofrezca protecci\u00f3n como pantal\u00f3n y polo de manga larga. Te recomendamos usar botines de <em>trekking<\/em>, ya que te brindar\u00e1n una gran protecci\u00f3n en los tobillos.<\/li>\n<li><b>Prot\u00e9gete del sol<\/b>. El principal riesgo de nuestro deporte es la exposici\u00f3n a los rayos ultravioleta, debido a que en Lima los indices de radiaci\u00f3n UV son alt\u00edsimos. Por ello, te recomendamos echarte abundante bloqueador solar y usar lentes de sol y un gorro.<\/li>\n<li><strong>No es necesario tener experiencia previa:\u00a0<\/strong>Si nunca volaste parapente antes o nunca hiciste deporte de aventura, no tienes de que preocuparte. Para eso estamos nosotros que te guiaremos desde cero con mucha paciencia y dedicaci\u00f3n.<\/li>\n<li><strong>No es requisito estar en buen estado\u00a0<\/strong><b>f\u00edsico:\u00a0<\/b>Ir al gimnasio, hacer ejercicio y comer sano es muy importante para tu salud y bienestar y te lo recomendamos. Sin embargo, para volar parapente con nosotros, no es necesario que seas un atleta, ya que el instructor es quien har\u00e1 el mayor esfuerzo f\u00edsico. Lo \u00fanico que necesitamos de ti es tu entusiasmo, ganar de aprender y de divertirte.<\/li>\n<li><strong>Busca amigos que tambi\u00e9n quieran hacer el paseo en parapente:<\/strong> No solamente te vas a divertir m\u00e1s si vas acompa\u00f1ado, sino que adem\u00e1s te podemos dar ofertas y precios especiales si vas en grupo.<\/li>\n<li><strong>Lleva tu c\u00e1mara de fotos<\/strong>: A diferencia de otras zonas de vuelo como Miraflores,\u00a0 podr\u00e1s llevar tu c\u00e1mara o celular mientas vuelas. De esta manera, podr\u00e1s tomar tu propias fotos y videos y hacerte muchos <em>selfies.\u00a0<\/em>De tomas maneras, el servicio incluye un v\u00eddeo HD que tu instructor har\u00e1 con su c\u00e1mara Gopro.<\/li>\n<\/ul>\n\n\n<p class=\"\"><a href=\"https:\/\/parapente.com.pe\/index.php\/parapente-precio\/\">Para mayor informaci\u00f3n sobre nuestras tarifas y promociones de parapente<\/a><\/p>\n","protected":false},"excerpt":{"rendered":"<p>No dudes en ponerte en contacto con nosotros para cualquier consulta que tengas sobre nuestros paseos de parapente mail: martinluis341@hotmail.com Tel\u00e9fono \/ whatsapp: +51 951 711 186 Gerente: Martin Suzuki Recomendaciones y condiciones Usa ropa adecuada: La ropa deportiva, c\u00f3moda, fresca, pero que te ofrezca protecci\u00f3n como pantal\u00f3n y polo de manga larga. Te recomendamos &hellip; <a href=\"https:\/\/parapente.com.pe\/index.php\/contacto-parapente\/\" class=\"more-link\">Continuar leyendo<span class=\"screen-reader-text\"> &#8220;Contacto parapente&#8221;<\/span><\/a><\/p>\n","protected":false},"author":1,"featured_media":0,"parent":0,"menu_order":0,"comment_status":"closed","ping_status":"closed","template":"","meta":{"nf_dc_page":"","om_disable_all_campaigns":false,"_monsterinsights_skip_tracking":false,"_monsterinsights_sitenote_active":false,"_monsterinsights_sitenote_note":"","_monsterinsights_sitenote_category":0,"footnotes":""},"class_list":["post-51","page","type-page","status-publish","hentry"],"yoast_head":"<!-- This site is optimized with the Yoast SEO plugin v27.4 - https:\/\/yoast.com\/product\/yoast-seo-wordpress\/ -->\n<title>Contacto parapente Lima. Ofertas y promociones<\/title>\n<meta name=\"description\" content=\"Contacto parapente. Queremos darte el mejor precio: 180 soles por 15 minutos de vuelos a 300 metros de altura. Todos los d\u00edas\" \/>\n<meta name=\"robots\" content=\"index, follow, max-snippet:-1, max-image-preview:large, max-video-preview:-1\" \/>\n<link rel=\"canonical\" href=\"https:\/\/parapente.com.pe\/index.php\/contacto-parapente\/\" \/>\n<meta property=\"og:locale\" content=\"es_ES\" \/>\n<meta property=\"og:type\" content=\"article\" \/>\n<meta property=\"og:title\" content=\"Contacto parapente Lima. Ofertas y promociones\" \/>\n<meta property=\"og:description\" content=\"Contacto parapente. Queremos darte el mejor precio: 180 soles por 15 minutos de vuelos a 300 metros de altura. Todos los d\u00edas\" \/>\n<meta property=\"og:url\" content=\"https:\/\/parapente.com.pe\/index.php\/contacto-parapente\/\" \/>\n<meta property=\"og:site_name\" content=\"AeroPacha\" \/>\n<meta property=\"article:modified_time\" content=\"2025-02-07T16:49:56+00:00\" \/>\n<meta name=\"twitter:card\" content=\"summary_large_image\" \/>\n<meta name=\"twitter:label1\" content=\"Est. reading time\" \/>\n\t<meta name=\"twitter:data1\" content=\"2 minutos\" \/>\n<script type=\"application\/ld+json\" class=\"yoast-schema-graph\">{\"@context\":\"https:\\\/\\\/schema.org\",\"@graph\":[{\"@type\":\"WebPage\",\"@id\":\"https:\\\/\\\/parapente.com.pe\\\/index.php\\\/contacto-parapente\\\/\",\"url\":\"https:\\\/\\\/parapente.com.pe\\\/index.php\\\/contacto-parapente\\\/\",\"name\":\"Contacto parapente Lima. Ofertas y promociones\",\"isPartOf\":{\"@id\":\"https:\\\/\\\/parapente.com.pe\\\/#website\"},\"datePublished\":\"2019-06-16T16:41:57+00:00\",\"dateModified\":\"2025-02-07T16:49:56+00:00\",\"description\":\"Contacto parapente. Queremos darte el mejor precio: 180 soles por 15 minutos de vuelos a 300 metros de altura. Todos los d\u00edas\",\"breadcrumb\":{\"@id\":\"https:\\\/\\\/parapente.com.pe\\\/index.php\\\/contacto-parapente\\\/#breadcrumb\"},\"inLanguage\":\"es-PE\",\"potentialAction\":[{\"@type\":\"ReadAction\",\"target\":[\"https:\\\/\\\/parapente.com.pe\\\/index.php\\\/contacto-parapente\\\/\"]}]},{\"@type\":\"BreadcrumbList\",\"@id\":\"https:\\\/\\\/parapente.com.pe\\\/index.php\\\/contacto-parapente\\\/#breadcrumb\",\"itemListElement\":[{\"@type\":\"ListItem\",\"position\":1,\"name\":\"Home\",\"item\":\"https:\\\/\\\/parapente.com.pe\\\/\"},{\"@type\":\"ListItem\",\"position\":2,\"name\":\"Contacto parapente\"}]},{\"@type\":\"WebSite\",\"@id\":\"https:\\\/\\\/parapente.com.pe\\\/#website\",\"url\":\"https:\\\/\\\/parapente.com.pe\\\/\",\"name\":\"AeroPacha\",\"description\":\"AeroPacha es una empresa que brinda paseos de parapente en Pachacmac\",\"publisher\":{\"@id\":\"https:\\\/\\\/parapente.com.pe\\\/#organization\"},\"potentialAction\":[{\"@type\":\"SearchAction\",\"target\":{\"@type\":\"EntryPoint\",\"urlTemplate\":\"https:\\\/\\\/parapente.com.pe\\\/?s={search_term_string}\"},\"query-input\":{\"@type\":\"PropertyValueSpecification\",\"valueRequired\":true,\"valueName\":\"search_term_string\"}}],\"inLanguage\":\"es-PE\"},{\"@type\":\"Organization\",\"@id\":\"https:\\\/\\\/parapente.com.pe\\\/#organization\",\"name\":\"AeroPacha\",\"url\":\"https:\\\/\\\/parapente.com.pe\\\/\",\"logo\":{\"@type\":\"ImageObject\",\"inLanguage\":\"es-PE\",\"@id\":\"https:\\\/\\\/parapente.com.pe\\\/#\\\/schema\\\/logo\\\/image\\\/\",\"url\":\"https:\\\/\\\/i0.wp.com\\\/parapente.com.pe\\\/wp-content\\\/uploads\\\/2020\\\/09\\\/cropped-logo-aeropacha.gif?fit=240%2C216&ssl=1\",\"contentUrl\":\"https:\\\/\\\/i0.wp.com\\\/parapente.com.pe\\\/wp-content\\\/uploads\\\/2020\\\/09\\\/cropped-logo-aeropacha.gif?fit=240%2C216&ssl=1\",\"width\":240,\"height\":216,\"caption\":\"AeroPacha\"},\"image\":{\"@id\":\"https:\\\/\\\/parapente.com.pe\\\/#\\\/schema\\\/logo\\\/image\\\/\"}}]}<\/script>\n<!-- \/ Yoast SEO plugin. -->","yoast_head_json":{"title":"Contacto parapente Lima. Ofertas y promociones","description":"Contacto parapente. Queremos darte el mejor precio: 180 soles por 15 minutos de vuelos a 300 metros de altura. Todos los d\u00edas","robots":{"index":"index","follow":"follow","max-snippet":"max-snippet:-1","max-image-preview":"max-image-preview:large","max-video-preview":"max-video-preview:-1"},"canonical":"https:\/\/parapente.com.pe\/index.php\/contacto-parapente\/","og_locale":"es_ES","og_type":"article","og_title":"Contacto parapente Lima. Ofertas y promociones","og_description":"Contacto parapente. Queremos darte el mejor precio: 180 soles por 15 minutos de vuelos a 300 metros de altura. Todos los d\u00edas","og_url":"https:\/\/parapente.com.pe\/index.php\/contacto-parapente\/","og_site_name":"AeroPacha","article_modified_time":"2025-02-07T16:49:56+00:00","twitter_card":"summary_large_image","twitter_misc":{"Est. reading time":"2 minutos"},"schema":{"@context":"https:\/\/schema.org","@graph":[{"@type":"WebPage","@id":"https:\/\/parapente.com.pe\/index.php\/contacto-parapente\/","url":"https:\/\/parapente.com.pe\/index.php\/contacto-parapente\/","name":"Contacto parapente Lima. Ofertas y promociones","isPartOf":{"@id":"https:\/\/parapente.com.pe\/#website"},"datePublished":"2019-06-16T16:41:57+00:00","dateModified":"2025-02-07T16:49:56+00:00","description":"Contacto parapente. Queremos darte el mejor precio: 180 soles por 15 minutos de vuelos a 300 metros de altura. Todos los d\u00edas","breadcrumb":{"@id":"https:\/\/parapente.com.pe\/index.php\/contacto-parapente\/#breadcrumb"},"inLanguage":"es-PE","potentialAction":[{"@type":"ReadAction","target":["https:\/\/parapente.com.pe\/index.php\/contacto-parapente\/"]}]},{"@type":"BreadcrumbList","@id":"https:\/\/parapente.com.pe\/index.php\/contacto-parapente\/#breadcrumb","itemListElement":[{"@type":"ListItem","position":1,"name":"Home","item":"https:\/\/parapente.com.pe\/"},{"@type":"ListItem","position":2,"name":"Contacto parapente"}]},{"@type":"WebSite","@id":"https:\/\/parapente.com.pe\/#website","url":"https:\/\/parapente.com.pe\/","name":"AeroPacha","description":"AeroPacha es una empresa que brinda paseos de parapente en Pachacmac","publisher":{"@id":"https:\/\/parapente.com.pe\/#organization"},"potentialAction":[{"@type":"SearchAction","target":{"@type":"EntryPoint","urlTemplate":"https:\/\/parapente.com.pe\/?s={search_term_string}"},"query-input":{"@type":"PropertyValueSpecification","valueRequired":true,"valueName":"search_term_string"}}],"inLanguage":"es-PE"},{"@type":"Organization","@id":"https:\/\/parapente.com.pe\/#organization","name":"AeroPacha","url":"https:\/\/parapente.com.pe\/","logo":{"@type":"ImageObject","inLanguage":"es-PE","@id":"https:\/\/parapente.com.pe\/#\/schema\/logo\/image\/","url":"https:\/\/i0.wp.com\/parapente.com.pe\/wp-content\/uploads\/2020\/09\/cropped-logo-aeropacha.gif?fit=240%2C216&ssl=1","contentUrl":"https:\/\/i0.wp.com\/parapente.com.pe\/wp-content\/uploads\/2020\/09\/cropped-logo-aeropacha.gif?fit=240%2C216&ssl=1","width":240,"height":216,"caption":"AeroPacha"},"image":{"@id":"https:\/\/parapente.com.pe\/#\/schema\/logo\/image\/"}}]}},"jetpack_sharing_enabled":true,"_links":{"self":[{"href":"https:\/\/parapente.com.pe\/index.php\/wp-json\/wp\/v2\/pages\/51","targetHints":{"allow":["GET"]}}],"collection":[{"href":"https:\/\/parapente.com.pe\/index.php\/wp-json\/wp\/v2\/pages"}],"about":[{"href":"https:\/\/parapente.com.pe\/index.php\/wp-json\/wp\/v2\/types\/page"}],"author":[{"embeddable":true,"href":"https:\/\/parapente.com.pe\/index.php\/wp-json\/wp\/v2\/users\/1"}],"replies":[{"embeddable":true,"href":"https:\/\/parapente.com.pe\/index.php\/wp-json\/wp\/v2\/comments?post=51"}],"version-history":[{"count":5,"href":"https:\/\/parapente.com.pe\/index.php\/wp-json\/wp\/v2\/pages\/51\/revisions"}],"predecessor-version":[{"id":258,"href":"https:\/\/parapente.com.pe\/index.php\/wp-json\/wp\/v2\/pages\/51\/revisions\/258"}],"wp:attachment":[{"href":"https:\/\/parapente.com.pe\/index.php\/wp-json\/wp\/v2\/media?parent=51"}],"curies":[{"name":"wp","href":"https:\/\/api.w.org\/{rel}","templated":true}]}}