{"id":6,"date":"2019-06-14T02:13:50","date_gmt":"2019-06-14T02:13:50","guid":{"rendered":"https:\/\/parapente.com.pe\/?page_id=6"},"modified":"2025-02-06T22:55:23","modified_gmt":"2025-02-07T03:55:23","slug":"parapente-lurin","status":"publish","type":"page","link":"https:\/\/parapente.com.pe\/","title":{"rendered":"Vuela sobre Lima con AeroPacha: Parapente en la Costa Verde"},"content":{"rendered":"\n<figure class=\"wp-embed-aspect-16-9 wp-has-aspect-ratio wp-block-embed is-type-video is-provider-youtube wp-block-embed-youtube\"><div class=\"wp-block-embed__wrapper\">\n<iframe loading=\"lazy\" title=\"aeropacha\" width=\"840\" height=\"473\" src=\"https:\/\/www.youtube.com\/embed\/snWk1R2tHwk?feature=oembed\" frameborder=\"0\" allow=\"accelerometer; autoplay; clipboard-write; encrypted-media; gyroscope; picture-in-picture; web-share\" referrerpolicy=\"strict-origin-when-cross-origin\" allowfullscreen><\/iframe>\n<\/div><\/figure>\n\n\n\n<p class=\"\">Descubre la emoci\u00f3n de volar en parapente sobre la espectacular Costa Verde de Lima. Con <strong>AeroPacha<\/strong>, disfrutar\u00e1s de un recorrido a\u00e9reo \u00fanico sobre los distritos de <strong>San Miguel, Magdalena, San Isidro y Miraflores<\/strong>, admirando las mejores vistas del litoral lime\u00f1o.<\/p>\n\n\n\n<figure class=\"wp-block-image size-large\"><img data-recalc-dims=\"1\" loading=\"lazy\" decoding=\"async\" width=\"840\" height=\"473\" src=\"https:\/\/i0.wp.com\/parapente.com.pe\/wp-content\/uploads\/2025\/02\/2.jpg?resize=840%2C473&#038;ssl=1\" alt=\"\" class=\"wp-image-242\" srcset=\"https:\/\/i0.wp.com\/parapente.com.pe\/wp-content\/uploads\/2025\/02\/2.jpg?resize=1024%2C576&amp;ssl=1 1024w, https:\/\/i0.wp.com\/parapente.com.pe\/wp-content\/uploads\/2025\/02\/2.jpg?resize=300%2C169&amp;ssl=1 300w, https:\/\/i0.wp.com\/parapente.com.pe\/wp-content\/uploads\/2025\/02\/2.jpg?resize=768%2C432&amp;ssl=1 768w, https:\/\/i0.wp.com\/parapente.com.pe\/wp-content\/uploads\/2025\/02\/2.jpg?resize=1536%2C864&amp;ssl=1 1536w, https:\/\/i0.wp.com\/parapente.com.pe\/wp-content\/uploads\/2025\/02\/2.jpg?resize=1200%2C675&amp;ssl=1 1200w, https:\/\/i0.wp.com\/parapente.com.pe\/wp-content\/uploads\/2025\/02\/2.jpg?w=1920&amp;ssl=1 1920w, https:\/\/i0.wp.com\/parapente.com.pe\/wp-content\/uploads\/2025\/02\/2.jpg?w=1680&amp;ssl=1 1680w\" sizes=\"auto, (max-width: 709px) 85vw, (max-width: 909px) 67vw, (max-width: 1362px) 62vw, 840px\" \/><\/figure>\n\n\n\n<p class=\"\">\ud83d\udccd <strong>Ubicaci\u00f3n:<\/strong> Despegamos desde la explanada de la Costa Verde en San Miguel, al nivel del mar, lo que permite un despegue suave y seguro.<\/p>\n\n\n\n<h3 class=\"wp-block-heading\">\u00bfPor qu\u00e9 elegir AeroPacha?<\/h3>\n\n\n\n<p class=\"\">\u2705 <strong>Experiencia inigualable:<\/strong> Vuela con pilotos certificados y con a\u00f1os de experiencia.<br>\u2705 <strong>Vuelos seguros y personalizados:<\/strong> Adaptamos cada vuelo a tus expectativas, ya sea un recorrido tranquilo o un vuelo con maniobras acrob\u00e1ticas.<br>\u2705 <strong>V\u00eddeo GRATIS en Full HD:<\/strong> Capturamos cada momento de tu aventura para que puedas revivir y compartir la experiencia.<br>\u2705 <strong>Horarios flexibles:<\/strong> Volamos <strong>todos los d\u00edas<\/strong> desde las <strong>10:30 a. m. hasta las 5:30 p. m.<\/strong>, dependiendo de las condiciones del viento.<\/p>\n\n\n\n<figure class=\"wp-block-image size-large\"><img data-recalc-dims=\"1\" loading=\"lazy\" decoding=\"async\" width=\"840\" height=\"473\" src=\"https:\/\/i0.wp.com\/parapente.com.pe\/wp-content\/uploads\/2025\/02\/11.jpg?resize=840%2C473&#038;ssl=1\" alt=\"\" class=\"wp-image-241\" srcset=\"https:\/\/i0.wp.com\/parapente.com.pe\/wp-content\/uploads\/2025\/02\/11.jpg?resize=1024%2C576&amp;ssl=1 1024w, https:\/\/i0.wp.com\/parapente.com.pe\/wp-content\/uploads\/2025\/02\/11.jpg?resize=300%2C169&amp;ssl=1 300w, https:\/\/i0.wp.com\/parapente.com.pe\/wp-content\/uploads\/2025\/02\/11.jpg?resize=768%2C432&amp;ssl=1 768w, https:\/\/i0.wp.com\/parapente.com.pe\/wp-content\/uploads\/2025\/02\/11.jpg?resize=1536%2C864&amp;ssl=1 1536w, https:\/\/i0.wp.com\/parapente.com.pe\/wp-content\/uploads\/2025\/02\/11.jpg?resize=1200%2C675&amp;ssl=1 1200w, https:\/\/i0.wp.com\/parapente.com.pe\/wp-content\/uploads\/2025\/02\/11.jpg?w=1920&amp;ssl=1 1920w, https:\/\/i0.wp.com\/parapente.com.pe\/wp-content\/uploads\/2025\/02\/11.jpg?w=1680&amp;ssl=1 1680w\" sizes=\"auto, (max-width: 709px) 85vw, (max-width: 909px) 67vw, (max-width: 1362px) 62vw, 840px\" \/><\/figure>\n\n\n\n<h3 class=\"wp-block-heading\">Promociones Especiales<\/h3>\n\n\n\n<p class=\"\">\ud83c\udf9f\ufe0f <strong>Vuelo individual:<\/strong><strong>S\/. 180<\/strong> por un vuelo de aproximadamente <strong>15 minutos<\/strong> + <strong>V\u00eddeo Full HD Gratis<\/strong>.<br>\ud83d\udc6b <strong>Promo para dos personas:<\/strong><strong>S\/. 340<\/strong> (\u00a1Ideal para compartir la experiencia con alguien especial!).<\/p>\n\n\n\n<h3 class=\"wp-block-heading\">Detalles del Vuelo<\/h3>\n\n\n\n<p class=\"\">\u2708\ufe0f <strong>Recorrido:<\/strong> Despegamos desde San Miguel, volamos sobre Magadalena, San Isidro y Miraflores, regresamos y aterrizamos nuevamente en San Miguel.<br>\u2696\ufe0f <strong>Peso m\u00e1ximo:<\/strong> 130 kg.<br>\ud83d\udce9 <strong>Entrega del video:<\/strong> Te enviamos el video de tu vuelo mediante un enlace de descarga.<\/p>\n\n\n\n<figure class=\"wp-block-image size-large\"><img data-recalc-dims=\"1\" loading=\"lazy\" decoding=\"async\" width=\"840\" height=\"473\" src=\"https:\/\/i0.wp.com\/parapente.com.pe\/wp-content\/uploads\/2025\/02\/5.jpg?resize=840%2C473&#038;ssl=1\" alt=\"\" class=\"wp-image-243\" srcset=\"https:\/\/i0.wp.com\/parapente.com.pe\/wp-content\/uploads\/2025\/02\/5.jpg?resize=1024%2C576&amp;ssl=1 1024w, https:\/\/i0.wp.com\/parapente.com.pe\/wp-content\/uploads\/2025\/02\/5.jpg?resize=300%2C169&amp;ssl=1 300w, https:\/\/i0.wp.com\/parapente.com.pe\/wp-content\/uploads\/2025\/02\/5.jpg?resize=768%2C432&amp;ssl=1 768w, https:\/\/i0.wp.com\/parapente.com.pe\/wp-content\/uploads\/2025\/02\/5.jpg?resize=1536%2C864&amp;ssl=1 1536w, https:\/\/i0.wp.com\/parapente.com.pe\/wp-content\/uploads\/2025\/02\/5.jpg?resize=1200%2C675&amp;ssl=1 1200w, https:\/\/i0.wp.com\/parapente.com.pe\/wp-content\/uploads\/2025\/02\/5.jpg?w=1920&amp;ssl=1 1920w, https:\/\/i0.wp.com\/parapente.com.pe\/wp-content\/uploads\/2025\/02\/5.jpg?w=1680&amp;ssl=1 1680w\" sizes=\"auto, (max-width: 709px) 85vw, (max-width: 909px) 67vw, (max-width: 1362px) 62vw, 840px\" \/><\/figure>\n\n\n\n<h2 class=\"wp-block-heading\">Reserva tu Vuelo<\/h2>\n\n\n\n<p class=\"\">\ud83d\udcf2 <strong>Confirma tu asistencia con 30 minutos de anticipaci\u00f3n<\/strong> escribi\u00e9ndonos al <strong>+51 951 711 186 (WhatsApp)<\/strong>.<br>\ud83d\udcc5 <strong>Revisamos el pron\u00f3stico un d\u00eda antes<\/strong> para asegurarte el mejor horario.<\/p>\n\n\n\n<p class=\"\">Vive la magia del vuelo libre con <strong>AeroPacha<\/strong> y descubre Lima desde el cielo. \u00a1Reserva ahora y siente la libertad de volar!<\/p>\n\n\n\n<p class=\"\"><a href=\"https:\/\/parapente.com.pe\/index.php\/parapente-en-pachacamac\/\">Leer m\u00e1s informaci\u00f3n sobre nuestros paseos en parapente en Lima<\/a><\/p>\n","protected":false},"excerpt":{"rendered":"<p>Descubre la emoci\u00f3n de volar en parapente sobre la espectacular Costa Verde de Lima. Con AeroPacha, disfrutar\u00e1s de un recorrido a\u00e9reo \u00fanico sobre los distritos de San Miguel, Magdalena, San Isidro y Miraflores, admirando las mejores vistas del litoral lime\u00f1o. \ud83d\udccd Ubicaci\u00f3n: Despegamos desde la explanada de la Costa Verde en San Miguel, al nivel &hellip; <a href=\"https:\/\/parapente.com.pe\/\" class=\"more-link\">Continuar leyendo<span class=\"screen-reader-text\"> &#8220;Vuela sobre Lima con AeroPacha: Parapente en la Costa Verde&#8221;<\/span><\/a><\/p>\n","protected":false},"author":1,"featured_media":0,"parent":0,"menu_order":0,"comment_status":"closed","ping_status":"closed","template":"","meta":{"nf_dc_page":"","om_disable_all_campaigns":false,"_monsterinsights_skip_tracking":false,"_monsterinsights_sitenote_active":false,"_monsterinsights_sitenote_note":"","_monsterinsights_sitenote_category":0,"footnotes":""},"class_list":["post-6","page","type-page","status-publish","hentry"],"yoast_head":"<!-- This site is optimized with the Yoast SEO plugin v27.4 - https:\/\/yoast.com\/product\/yoast-seo-wordpress\/ -->\n<title>Parapente Miraflores 180 Soles: vuelo de 15 minutos + video<\/title>\n<meta name=\"description\" content=\"Parapente Paratrike. Oferta 340 soles para dos pasajeros | Vuela sobre 4 districtos Miraflores, San Isidro y Magdalena\" \/>\n<meta name=\"robots\" content=\"index, follow, max-snippet:-1, max-image-preview:large, max-video-preview:-1\" \/>\n<link rel=\"canonical\" href=\"https:\/\/parapente.com.pe\/\" \/>\n<meta property=\"og:locale\" content=\"es_ES\" \/>\n<meta property=\"og:type\" content=\"article\" \/>\n<meta property=\"og:title\" content=\"Parapente Miraflores 180 Soles: vuelo de 15 minutos + video\" \/>\n<meta property=\"og:description\" content=\"Parapente Paratrike. Oferta 340 soles para dos pasajeros | Vuela sobre 4 districtos Miraflores, San Isidro y Magdalena\" \/>\n<meta property=\"og:url\" content=\"https:\/\/parapente.com.pe\/\" \/>\n<meta property=\"og:site_name\" content=\"AeroPacha\" \/>\n<meta property=\"article:modified_time\" content=\"2025-02-07T03:55:23+00:00\" \/>\n<meta property=\"og:image\" content=\"https:\/\/parapente.com.pe\/wp-content\/uploads\/2025\/02\/2-1024x576.jpg\" \/>\n<meta name=\"twitter:card\" content=\"summary_large_image\" \/>\n<meta name=\"twitter:label1\" content=\"Est. reading time\" \/>\n\t<meta name=\"twitter:data1\" content=\"2 minutos\" \/>\n<script type=\"application\/ld+json\" class=\"yoast-schema-graph\">{\"@context\":\"https:\\\/\\\/schema.org\",\"@graph\":[{\"@type\":\"WebPage\",\"@id\":\"https:\\\/\\\/parapente.com.pe\\\/\",\"url\":\"https:\\\/\\\/parapente.com.pe\\\/\",\"name\":\"Parapente Miraflores 180 Soles: vuelo de 15 minutos + video\",\"isPartOf\":{\"@id\":\"https:\\\/\\\/parapente.com.pe\\\/#website\"},\"primaryImageOfPage\":{\"@id\":\"https:\\\/\\\/parapente.com.pe\\\/#primaryimage\"},\"image\":{\"@id\":\"https:\\\/\\\/parapente.com.pe\\\/#primaryimage\"},\"thumbnailUrl\":\"https:\\\/\\\/parapente.com.pe\\\/wp-content\\\/uploads\\\/2025\\\/02\\\/2-1024x576.jpg\",\"datePublished\":\"2019-06-14T02:13:50+00:00\",\"dateModified\":\"2025-02-07T03:55:23+00:00\",\"description\":\"Parapente Paratrike. Oferta 340 soles para dos pasajeros | Vuela sobre 4 districtos Miraflores, San Isidro y Magdalena\",\"breadcrumb\":{\"@id\":\"https:\\\/\\\/parapente.com.pe\\\/#breadcrumb\"},\"inLanguage\":\"es-PE\",\"potentialAction\":[{\"@type\":\"ReadAction\",\"target\":[\"https:\\\/\\\/parapente.com.pe\\\/\"]}]},{\"@type\":\"ImageObject\",\"inLanguage\":\"es-PE\",\"@id\":\"https:\\\/\\\/parapente.com.pe\\\/#primaryimage\",\"url\":\"https:\\\/\\\/i0.wp.com\\\/parapente.com.pe\\\/wp-content\\\/uploads\\\/2025\\\/02\\\/2.jpg?fit=1920%2C1080&ssl=1\",\"contentUrl\":\"https:\\\/\\\/i0.wp.com\\\/parapente.com.pe\\\/wp-content\\\/uploads\\\/2025\\\/02\\\/2.jpg?fit=1920%2C1080&ssl=1\",\"width\":1920,\"height\":1080},{\"@type\":\"BreadcrumbList\",\"@id\":\"https:\\\/\\\/parapente.com.pe\\\/#breadcrumb\",\"itemListElement\":[{\"@type\":\"ListItem\",\"position\":1,\"name\":\"Home\",\"item\":\"https:\\\/\\\/parapente.com.pe\\\/\"},{\"@type\":\"ListItem\",\"position\":2,\"name\":\"Vuela sobre Lima con AeroPacha: Parapente en la Costa Verde\"}]},{\"@type\":\"WebSite\",\"@id\":\"https:\\\/\\\/parapente.com.pe\\\/#website\",\"url\":\"https:\\\/\\\/parapente.com.pe\\\/\",\"name\":\"AeroPacha\",\"description\":\"AeroPacha es una empresa que brinda paseos de parapente en Pachacmac\",\"publisher\":{\"@id\":\"https:\\\/\\\/parapente.com.pe\\\/#organization\"},\"potentialAction\":[{\"@type\":\"SearchAction\",\"target\":{\"@type\":\"EntryPoint\",\"urlTemplate\":\"https:\\\/\\\/parapente.com.pe\\\/?s={search_term_string}\"},\"query-input\":{\"@type\":\"PropertyValueSpecification\",\"valueRequired\":true,\"valueName\":\"search_term_string\"}}],\"inLanguage\":\"es-PE\"},{\"@type\":\"Organization\",\"@id\":\"https:\\\/\\\/parapente.com.pe\\\/#organization\",\"name\":\"AeroPacha\",\"url\":\"https:\\\/\\\/parapente.com.pe\\\/\",\"logo\":{\"@type\":\"ImageObject\",\"inLanguage\":\"es-PE\",\"@id\":\"https:\\\/\\\/parapente.com.pe\\\/#\\\/schema\\\/logo\\\/image\\\/\",\"url\":\"https:\\\/\\\/i0.wp.com\\\/parapente.com.pe\\\/wp-content\\\/uploads\\\/2020\\\/09\\\/cropped-logo-aeropacha.gif?fit=240%2C216&ssl=1\",\"contentUrl\":\"https:\\\/\\\/i0.wp.com\\\/parapente.com.pe\\\/wp-content\\\/uploads\\\/2020\\\/09\\\/cropped-logo-aeropacha.gif?fit=240%2C216&ssl=1\",\"width\":240,\"height\":216,\"caption\":\"AeroPacha\"},\"image\":{\"@id\":\"https:\\\/\\\/parapente.com.pe\\\/#\\\/schema\\\/logo\\\/image\\\/\"}}]}<\/script>\n<!-- \/ Yoast SEO plugin. -->","yoast_head_json":{"title":"Parapente Miraflores 180 Soles: vuelo de 15 minutos + video","description":"Parapente Paratrike. Oferta 340 soles para dos pasajeros | Vuela sobre 4 districtos Miraflores, San Isidro y Magdalena","robots":{"index":"index","follow":"follow","max-snippet":"max-snippet:-1","max-image-preview":"max-image-preview:large","max-video-preview":"max-video-preview:-1"},"canonical":"https:\/\/parapente.com.pe\/","og_locale":"es_ES","og_type":"article","og_title":"Parapente Miraflores 180 Soles: vuelo de 15 minutos + video","og_description":"Parapente Paratrike. Oferta 340 soles para dos pasajeros | Vuela sobre 4 districtos Miraflores, San Isidro y Magdalena","og_url":"https:\/\/parapente.com.pe\/","og_site_name":"AeroPacha","article_modified_time":"2025-02-07T03:55:23+00:00","og_image":[{"url":"https:\/\/parapente.com.pe\/wp-content\/uploads\/2025\/02\/2-1024x576.jpg","type":"","width":"","height":""}],"twitter_card":"summary_large_image","twitter_misc":{"Est. reading time":"2 minutos"},"schema":{"@context":"https:\/\/schema.org","@graph":[{"@type":"WebPage","@id":"https:\/\/parapente.com.pe\/","url":"https:\/\/parapente.com.pe\/","name":"Parapente Miraflores 180 Soles: vuelo de 15 minutos + video","isPartOf":{"@id":"https:\/\/parapente.com.pe\/#website"},"primaryImageOfPage":{"@id":"https:\/\/parapente.com.pe\/#primaryimage"},"image":{"@id":"https:\/\/parapente.com.pe\/#primaryimage"},"thumbnailUrl":"https:\/\/parapente.com.pe\/wp-content\/uploads\/2025\/02\/2-1024x576.jpg","datePublished":"2019-06-14T02:13:50+00:00","dateModified":"2025-02-07T03:55:23+00:00","description":"Parapente Paratrike. Oferta 340 soles para dos pasajeros | Vuela sobre 4 districtos Miraflores, San Isidro y Magdalena","breadcrumb":{"@id":"https:\/\/parapente.com.pe\/#breadcrumb"},"inLanguage":"es-PE","potentialAction":[{"@type":"ReadAction","target":["https:\/\/parapente.com.pe\/"]}]},{"@type":"ImageObject","inLanguage":"es-PE","@id":"https:\/\/parapente.com.pe\/#primaryimage","url":"https:\/\/i0.wp.com\/parapente.com.pe\/wp-content\/uploads\/2025\/02\/2.jpg?fit=1920%2C1080&ssl=1","contentUrl":"https:\/\/i0.wp.com\/parapente.com.pe\/wp-content\/uploads\/2025\/02\/2.jpg?fit=1920%2C1080&ssl=1","width":1920,"height":1080},{"@type":"BreadcrumbList","@id":"https:\/\/parapente.com.pe\/#breadcrumb","itemListElement":[{"@type":"ListItem","position":1,"name":"Home","item":"https:\/\/parapente.com.pe\/"},{"@type":"ListItem","position":2,"name":"Vuela sobre Lima con AeroPacha: Parapente en la Costa Verde"}]},{"@type":"WebSite","@id":"https:\/\/parapente.com.pe\/#website","url":"https:\/\/parapente.com.pe\/","name":"AeroPacha","description":"AeroPacha es una empresa que brinda paseos de parapente en Pachacmac","publisher":{"@id":"https:\/\/parapente.com.pe\/#organization"},"potentialAction":[{"@type":"SearchAction","target":{"@type":"EntryPoint","urlTemplate":"https:\/\/parapente.com.pe\/?s={search_term_string}"},"query-input":{"@type":"PropertyValueSpecification","valueRequired":true,"valueName":"search_term_string"}}],"inLanguage":"es-PE"},{"@type":"Organization","@id":"https:\/\/parapente.com.pe\/#organization","name":"AeroPacha","url":"https:\/\/parapente.com.pe\/","logo":{"@type":"ImageObject","inLanguage":"es-PE","@id":"https:\/\/parapente.com.pe\/#\/schema\/logo\/image\/","url":"https:\/\/i0.wp.com\/parapente.com.pe\/wp-content\/uploads\/2020\/09\/cropped-logo-aeropacha.gif?fit=240%2C216&ssl=1","contentUrl":"https:\/\/i0.wp.com\/parapente.com.pe\/wp-content\/uploads\/2020\/09\/cropped-logo-aeropacha.gif?fit=240%2C216&ssl=1","width":240,"height":216,"caption":"AeroPacha"},"image":{"@id":"https:\/\/parapente.com.pe\/#\/schema\/logo\/image\/"}}]}},"jetpack_sharing_enabled":true,"_links":{"self":[{"href":"https:\/\/parapente.com.pe\/index.php\/wp-json\/wp\/v2\/pages\/6","targetHints":{"allow":["GET"]}}],"collection":[{"href":"https:\/\/parapente.com.pe\/index.php\/wp-json\/wp\/v2\/pages"}],"about":[{"href":"https:\/\/parapente.com.pe\/index.php\/wp-json\/wp\/v2\/types\/page"}],"author":[{"embeddable":true,"href":"https:\/\/parapente.com.pe\/index.php\/wp-json\/wp\/v2\/users\/1"}],"replies":[{"embeddable":true,"href":"https:\/\/parapente.com.pe\/index.php\/wp-json\/wp\/v2\/comments?post=6"}],"version-history":[{"count":5,"href":"https:\/\/parapente.com.pe\/index.php\/wp-json\/wp\/v2\/pages\/6\/revisions"}],"predecessor-version":[{"id":259,"href":"https:\/\/parapente.com.pe\/index.php\/wp-json\/wp\/v2\/pages\/6\/revisions\/259"}],"wp:attachment":[{"href":"https:\/\/parapente.com.pe\/index.php\/wp-json\/wp\/v2\/media?parent=6"}],"curies":[{"name":"wp","href":"https:\/\/api.w.org\/{rel}","templated":true}]}}